{"id":24,"date":"2017-12-05T12:49:30","date_gmt":"2017-12-05T11:49:30","guid":{"rendered":"https:\/\/xn--fbe-qla.ch\/?page_id=24"},"modified":"2025-07-02T11:33:06","modified_gmt":"2025-07-02T09:33:06","slug":"startseite","status":"publish","type":"page","link":"https:\/\/xn--fbe-qla.ch\/","title":{"rendered":"Willkommen"},"content":{"rendered":"<h1>\u00dcber mich<\/h1>\n<p><span>Ich liebe es, Menschen zu begeistern. Seit ich Kind bin, habe ich bereits auf kleinen B\u00fchnen ge\u00fcbt &#8211; und immer weiter trainiert. Ich bin gerne in Gemeinschaft und gebe meine Freude vor jeder Art von Publikum weiter. <\/span>Leuchtende Kinderaugen, begeisterte Blicke, staunende Gesichter &#8211; Daf\u00fcr trainiere ich.<\/p>\n<p>F\u00fcr das Theologiestudium zog ich 2012 in die Schweiz. Seit 2018 bin ich Mitglied in der <a href=\"https:\/\/www.christliche-zauberkuenstler.de\/\">Gemeinschaft Christlicher Zauberk\u00fcnstler,<\/a> seit 2021 bin ich Teil des Vorstandes. Inzwischen habe ich das Studium zum Sozialarbeiter \/ Sozialp\u00e4dagogen mit dem Bachelordiplom abgeschlossen und arbeite seit 2024 in einem Jugendwohnheim in Z\u00fcrich.<\/p>\n<p>In der Projektwoche leite ich bei Gelegenheit die Workshops &#171;Zirkuskunst&#187;, &#171;Jonglieren&#187; und &#171;Diabolo&#187; f\u00fcr Kinder (weitere Informationen unter <a href=\"http:\/\/www.projektwoche.ch\">www.projektwoche.ch<\/a>).<\/p>\n","protected":false},"excerpt":{"rendered":"<p>\u00dcber mich Ich liebe es, Menschen zu begeistern. Seit ich Kind bin, habe ich bereits auf kleinen B\u00fchnen ge\u00fcbt &#8211; und immer weiter trainiert. Ich bin gerne in Gemeinschaft und gebe meine Freude vor jeder Art von Publikum weiter. Leuchtende Kinderaugen, begeisterte Blicke, staunende Gesichter &#8211; Daf\u00fcr trainiere ich. F\u00fcr [&hellip;]<\/p>\n","protected":false},"author":2,"featured_media":0,"parent":0,"menu_order":0,"comment_status":"closed","ping_status":"closed","template":"","meta":{"footnotes":""},"class_list":["post-24","page","type-page","status-publish","hentry"],"_links":{"self":[{"href":"https:\/\/xn--fbe-qla.ch\/index.php?rest_route=\/wp\/v2\/pages\/24","targetHints":{"allow":["GET"]}}],"collection":[{"href":"https:\/\/xn--fbe-qla.ch\/index.php?rest_route=\/wp\/v2\/pages"}],"about":[{"href":"https:\/\/xn--fbe-qla.ch\/index.php?rest_route=\/wp\/v2\/types\/page"}],"author":[{"embeddable":true,"href":"https:\/\/xn--fbe-qla.ch\/index.php?rest_route=\/wp\/v2\/users\/2"}],"replies":[{"embeddable":true,"href":"https:\/\/xn--fbe-qla.ch\/index.php?rest_route=%2Fwp%2Fv2%2Fcomments&post=24"}],"version-history":[{"count":11,"href":"https:\/\/xn--fbe-qla.ch\/index.php?rest_route=\/wp\/v2\/pages\/24\/revisions"}],"predecessor-version":[{"id":480,"href":"https:\/\/xn--fbe-qla.ch\/index.php?rest_route=\/wp\/v2\/pages\/24\/revisions\/480"}],"wp:attachment":[{"href":"https:\/\/xn--fbe-qla.ch\/index.php?rest_route=%2Fwp%2Fv2%2Fmedia&parent=24"}],"curies":[{"name":"wp","href":"https:\/\/api.w.org\/{rel}","templated":true}]}}